{"id":3516,"date":"2024-08-01T18:12:15","date_gmt":"2024-08-01T18:12:15","guid":{"rendered":"https:\/\/marmolesmaga.com.mx\/devstore\/?post_type=product&#038;p=3516"},"modified":"2024-08-01T18:49:35","modified_gmt":"2024-08-01T18:49:35","slug":"pegamarmol","status":"publish","type":"product","link":"https:\/\/marmolesmaga.com.mx\/devstore\/producto\/pegamarmol\/","title":{"rendered":"Adhesivo Niasa Pegam\u00e1rmol\u00ae"},"content":{"rendered":"<h3>Es un mortero adhesivo de granulometr\u00eda controlada de<br \/>\ntama\u00f1o medio y aditivos especiales que brindan una gran<br \/>\nadhesividad, retenci\u00f3n de agua y facilidad de aplicaci\u00f3n.<\/h3>\n","protected":false},"excerpt":{"rendered":"<p>Especialmente dise\u00f1ado para colocaci\u00f3n de parquet de m\u00e1rmol y<br \/>\nrecubrimientos petros.<br \/>\nIdeal para recubrimientos cer\u00e1micos de Media y Alta absorci\u00f3n de<br \/>\nagua.<br \/>\nPara instalaciones en exterior se recomienda utilizar Pegavitro\u00ae y\/o<br \/>\nPolimor\u00ae seg\u00fan sea el caso<\/p>\n","protected":false},"featured_media":0,"comment_status":"closed","ping_status":"closed","template":"","meta":{"_acf_changed":false,"_eb_attr":""},"product_brand":[],"product_cat":[531],"product_tag":[],"class_list":{"0":"post-3516","1":"product","2":"type-product","3":"status-publish","5":"product_cat-adhesivos","7":"first","8":"instock","9":"taxable","10":"shipping-taxable","11":"purchasable","12":"product-type-simple"},"acf":[],"_links":{"self":[{"href":"https:\/\/marmolesmaga.com.mx\/devstore\/wp-json\/wp\/v2\/product\/3516","targetHints":{"allow":["GET"]}}],"collection":[{"href":"https:\/\/marmolesmaga.com.mx\/devstore\/wp-json\/wp\/v2\/product"}],"about":[{"href":"https:\/\/marmolesmaga.com.mx\/devstore\/wp-json\/wp\/v2\/types\/product"}],"replies":[{"embeddable":true,"href":"https:\/\/marmolesmaga.com.mx\/devstore\/wp-json\/wp\/v2\/comments?post=3516"}],"wp:attachment":[{"href":"https:\/\/marmolesmaga.com.mx\/devstore\/wp-json\/wp\/v2\/media?parent=3516"}],"wp:term":[{"taxonomy":"product_brand","embeddable":true,"href":"https:\/\/marmolesmaga.com.mx\/devstore\/wp-json\/wp\/v2\/product_brand?post=3516"},{"taxonomy":"product_cat","embeddable":true,"href":"https:\/\/marmolesmaga.com.mx\/devstore\/wp-json\/wp\/v2\/product_cat?post=3516"},{"taxonomy":"product_tag","embeddable":true,"href":"https:\/\/marmolesmaga.com.mx\/devstore\/wp-json\/wp\/v2\/product_tag?post=3516"}],"curies":[{"name":"wp","href":"https:\/\/api.w.org\/{rel}","templated":true}]}}