{"id":3339,"date":"2024-04-18T00:02:44","date_gmt":"2024-04-18T00:02:44","guid":{"rendered":"https:\/\/marmolesmaga.com.mx\/devstore\/?post_type=product&#038;p=3339"},"modified":"2024-08-01T19:56:19","modified_gmt":"2024-08-01T19:56:19","slug":"cantera-america-negra-40-x-60-x-2","status":"publish","type":"product","link":"https:\/\/marmolesmaga.com.mx\/devstore\/producto\/cantera-america-negra-40-x-60-x-2\/","title":{"rendered":"CANTERA AMERICA NEGRA 40 X 60 X 2"},"content":{"rendered":"<h5><strong><em>La cantera se utiliza, al igual que las decorativas, en fachadas, marcos de puertas, fuentes chimeneas y pisos para exteriores. Es resistentes a la humedad gracias a que no son tan porosas y tienen una capa protectora plastificada que impide la absorci\u00f3n de cualquier tipo de l\u00edquido o la erosi\u00f3n por el viento.<\/em><\/strong><\/h5>\n","protected":false},"excerpt":{"rendered":"<p>Precio: MXN\u00a0 \u00a0Medida: m2<\/p>\n","protected":false},"featured_media":39,"comment_status":"closed","ping_status":"closed","template":"","meta":{"_acf_changed":false,"_eb_attr":""},"product_brand":[],"product_cat":[524],"product_tag":[],"class_list":{"0":"post-3339","1":"product","2":"type-product","3":"status-publish","4":"has-post-thumbnail","6":"product_cat-cantera","8":"first","9":"instock","10":"taxable","11":"shipping-taxable","12":"purchasable","13":"product-type-simple"},"acf":[],"_links":{"self":[{"href":"https:\/\/marmolesmaga.com.mx\/devstore\/wp-json\/wp\/v2\/product\/3339","targetHints":{"allow":["GET"]}}],"collection":[{"href":"https:\/\/marmolesmaga.com.mx\/devstore\/wp-json\/wp\/v2\/product"}],"about":[{"href":"https:\/\/marmolesmaga.com.mx\/devstore\/wp-json\/wp\/v2\/types\/product"}],"replies":[{"embeddable":true,"href":"https:\/\/marmolesmaga.com.mx\/devstore\/wp-json\/wp\/v2\/comments?post=3339"}],"wp:featuredmedia":[{"embeddable":true,"href":"https:\/\/marmolesmaga.com.mx\/devstore\/wp-json\/wp\/v2\/media\/39"}],"wp:attachment":[{"href":"https:\/\/marmolesmaga.com.mx\/devstore\/wp-json\/wp\/v2\/media?parent=3339"}],"wp:term":[{"taxonomy":"product_brand","embeddable":true,"href":"https:\/\/marmolesmaga.com.mx\/devstore\/wp-json\/wp\/v2\/product_brand?post=3339"},{"taxonomy":"product_cat","embeddable":true,"href":"https:\/\/marmolesmaga.com.mx\/devstore\/wp-json\/wp\/v2\/product_cat?post=3339"},{"taxonomy":"product_tag","embeddable":true,"href":"https:\/\/marmolesmaga.com.mx\/devstore\/wp-json\/wp\/v2\/product_tag?post=3339"}],"curies":[{"name":"wp","href":"https:\/\/api.w.org\/{rel}","templated":true}]}}